{"id":7,"date":"2010-01-03T14:54:51","date_gmt":"2010-01-03T14:54:51","guid":{"rendered":"http:\/\/dpogr-blog.darnet.com.pl\/?page_id=2"},"modified":"2010-01-03T14:54:51","modified_gmt":"2010-01-03T14:54:51","slug":"informacje","status":"publish","type":"page","link":"http:\/\/www.dpogr.darnet.com.pl\/index.php\/informacje\/","title":{"rendered":"O mnie"},"content":{"rendered":"<p>Maj\u0105c 15 czy 16 lat zacz\u0105\u0142em gra\u0107 na gitarze. Bardzo szybko zacz\u0105\u0142em tworzy\u0107 w\u0142asne utwory muzyczne &#8211; metalowe&#8230; Nied\u0142ugo potem kolega, kt\u00f3ry nawiasem m\u00f3wi\u0105c nam\u00f3wi\u0142 mnie na gitar\u0119 podpowiedzia\u0142, (w tym miejscu pozdrawiam Gad\u017ceta z Mechtalu), bym spr\u00f3bowa\u0142 co\u015b sam napisa\u0107&#8230; wi\u0119c spr\u00f3bowa\u0142em&#8230; pierwszy m\u00f3j liryk to <a href=\"http:\/\/dpogr-blog.darnet.com.pl\/ogr\/\">Ogr<\/a>.<\/p>\n<p>No i tak mi zosta\u0142o&#8230; do dzisiaj gram na gitarze i pisz\u0119 teksty. Teksty traktuj\u0119 jak swego rodzaju terapi\u0119, wylewam co mnie gryzie, cho\u0107 czasem napisz\u0119 co\u015b o czym po prostu mam ochot\u0119 napisa\u0107.<\/p>\n<p>Przewin\u0105\u0142em si\u0119 przez kilka kapel, wi\u0119kszo\u015b\u0107 metalowych&#8230; z wartych wymienienia s\u0105 dwie, Bottom &#8211; grali\u015bmy jak to nazywali\u015bmy trash-cora, druga to Another Day &#8211; muzycznie l\u017cej, bo rock i razem nagrali\u015bmy p\u0142ytk\u0119 demo &#8222;Kilka chwil&#8230;&#8221;<\/p>\n<p>Zanim wst\u0105pi\u0142em w szeregi Another Day by\u0142em o krok od uko\u0144czenia w\u0142asnego materia\u0142u&#8230; pierwszy rockowy materia\u0142 jaki zrobi\u0142em, w tym 2 ballady, ca\u0142o\u015b\u0107 nazwa\u0142em <strong>&#8230; to ja<\/strong> i sk\u0142ada\u0142o si\u0119 na niego 13 utwor\u00f3w. Jednak miast ko\u0144czy\u0107 w 2004 roku zahaczy\u0142em o wspomniane Another Day, z kt\u00f3rego odszed\u0142em po dw\u00f3ch latach&#8230;<\/p>\n<p>Obecnie jednak jestem bezrobotny je\u015bli bra\u0107 pod uwag\u0119 muzyk\u0119&#8230; mo\u017ce kiedy\u015b&#8230; p\u00f3ki co czasami co\u015b stworz\u0119, napisz\u0119&#8230; teraz przynajmniej b\u0119d\u0119 si\u0119 stara\u0142 wrzuca\u0107 chocia\u017c teksty tutaj&#8230; tak dla w\u0142asnej przyjemno\u015bci \ud83d\ude42<\/p>\n<p>pozdrawiam wszystkich serdecznie<\/p>\n","protected":false},"excerpt":{"rendered":"<p>Maj\u0105c 15 czy 16 lat zacz\u0105\u0142em gra\u0107 na gitarze. Bardzo szybko zacz\u0105\u0142em tworzy\u0107 w\u0142asne utwory muzyczne &#8211; metalowe&#8230; Nied\u0142ugo potem kolega, kt\u00f3ry nawiasem m\u00f3wi\u0105c nam\u00f3wi\u0142 mnie na gitar\u0119 podpowiedzia\u0142, (w tym miejscu pozdrawiam Gad\u017ceta z Mechtalu), bym spr\u00f3bowa\u0142 co\u015b sam napisa\u0107&#8230; wi\u0119c spr\u00f3bowa\u0142em&#8230; pierwszy m\u00f3j liryk to Ogr. No i tak mi zosta\u0142o&#8230; do dzisiaj [&hellip;]<\/p>\n","protected":false},"author":2,"featured_media":0,"parent":0,"menu_order":0,"comment_status":"open","ping_status":"open","template":"","meta":{"footnotes":""},"class_list":["post-7","page","type-page","status-publish","hentry"],"_links":{"self":[{"href":"http:\/\/www.dpogr.darnet.com.pl\/index.php\/wp-json\/wp\/v2\/pages\/7","targetHints":{"allow":["GET"]}}],"collection":[{"href":"http:\/\/www.dpogr.darnet.com.pl\/index.php\/wp-json\/wp\/v2\/pages"}],"about":[{"href":"http:\/\/www.dpogr.darnet.com.pl\/index.php\/wp-json\/wp\/v2\/types\/page"}],"author":[{"embeddable":true,"href":"http:\/\/www.dpogr.darnet.com.pl\/index.php\/wp-json\/wp\/v2\/users\/2"}],"replies":[{"embeddable":true,"href":"http:\/\/www.dpogr.darnet.com.pl\/index.php\/wp-json\/wp\/v2\/comments?post=7"}],"version-history":[{"count":0,"href":"http:\/\/www.dpogr.darnet.com.pl\/index.php\/wp-json\/wp\/v2\/pages\/7\/revisions"}],"wp:attachment":[{"href":"http:\/\/www.dpogr.darnet.com.pl\/index.php\/wp-json\/wp\/v2\/media?parent=7"}],"curies":[{"name":"wp","href":"https:\/\/api.w.org\/{rel}","templated":true}]}}